{"id":1529,"date":"2022-05-10T13:00:17","date_gmt":"2022-05-10T12:00:17","guid":{"rendered":"https:\/\/www.centrostudimb2.eu\/adesioni\/"},"modified":"2024-05-02T09:34:30","modified_gmt":"2024-05-02T08:34:30","slug":"adhesion","status":"publish","type":"page","link":"https:\/\/www.centrostudimb2.eu\/fr\/adhesion\/","title":{"rendered":"Adh\u00e9sion"},"content":{"rendered":"\t\t<div data-elementor-type=\"wp-page\" data-elementor-id=\"1529\" class=\"elementor elementor-1529 elementor-648\" data-elementor-post-type=\"page\">\n\t\t\t\t\t\t<section class=\"elementor-section elementor-top-section elementor-element elementor-element-a3f0927 elementor-section-boxed elementor-section-height-default elementor-section-height-default\" data-id=\"a3f0927\" data-element_type=\"section\" data-e-type=\"section\">\n\t\t\t\t\t\t<div class=\"elementor-container elementor-column-gap-default\">\n\t\t\t\t\t<div class=\"elementor-column elementor-col-100 elementor-top-column elementor-element elementor-element-be14cce\" data-id=\"be14cce\" data-element_type=\"column\" data-e-type=\"column\">\n\t\t\t<div class=\"elementor-widget-wrap elementor-element-populated\">\n\t\t\t\t\t\t<section class=\"elementor-section elementor-inner-section elementor-element elementor-element-0a4d102 elementor-section-boxed elementor-section-height-default elementor-section-height-default\" data-id=\"0a4d102\" data-element_type=\"section\" data-e-type=\"section\">\n\t\t\t\t\t\t<div class=\"elementor-container elementor-column-gap-default\">\n\t\t\t\t\t<div class=\"elementor-column elementor-col-100 elementor-inner-column elementor-element elementor-element-69ef53b\" data-id=\"69ef53b\" data-element_type=\"column\" data-e-type=\"column\">\n\t\t\t<div class=\"elementor-widget-wrap elementor-element-populated\">\n\t\t\t\t\t\t<div class=\"elementor-element elementor-element-04a41a4 elementor-widget elementor-widget-image\" data-id=\"04a41a4\" data-element_type=\"widget\" data-e-type=\"widget\" data-widget_type=\"image.default\">\n\t\t\t\t<div class=\"elementor-widget-container\">\n\t\t\t\t\t\t\t\t\t\t\t\t\t\t\t<img fetchpriority=\"high\" decoding=\"async\" width=\"800\" height=\"267\" src=\"https:\/\/www.centrostudimb2.eu\/wp-content\/uploads\/2022\/05\/registrazione_individuale.png\" class=\"attachment-large size-large wp-image-1398\" alt=\"\" srcset=\"https:\/\/www.centrostudimb2.eu\/wp-content\/uploads\/2022\/05\/registrazione_individuale.png 960w, https:\/\/www.centrostudimb2.eu\/wp-content\/uploads\/2022\/05\/registrazione_individuale-300x100.png 300w, https:\/\/www.centrostudimb2.eu\/wp-content\/uploads\/2022\/05\/registrazione_individuale-768x256.png 768w\" sizes=\"(max-width: 800px) 100vw, 800px\" \/>\t\t\t\t\t\t\t\t\t\t\t\t\t\t\t<\/div>\n\t\t\t\t<\/div>\n\t\t\t\t\t<\/div>\n\t\t<\/div>\n\t\t\t\t\t<\/div>\n\t\t<\/section>\n\t\t\t\t\t<\/div>\n\t\t<\/div>\n\t\t\t\t\t<\/div>\n\t\t<\/section>\n\t\t\t\t<section class=\"elementor-section elementor-top-section elementor-element elementor-element-0436ba7 elementor-section-boxed elementor-section-height-default elementor-section-height-default\" data-id=\"0436ba7\" data-element_type=\"section\" data-e-type=\"section\">\n\t\t\t\t\t\t<div class=\"elementor-container elementor-column-gap-default\">\n\t\t\t\t\t<div class=\"elementor-column elementor-col-100 elementor-top-column elementor-element elementor-element-6d87a32\" data-id=\"6d87a32\" data-element_type=\"column\" data-e-type=\"column\">\n\t\t\t<div class=\"elementor-widget-wrap elementor-element-populated\">\n\t\t\t\t\t\t<div class=\"elementor-element elementor-element-373f34a elementor-widget elementor-widget-heading\" data-id=\"373f34a\" data-element_type=\"widget\" data-e-type=\"widget\" data-widget_type=\"heading.default\">\n\t\t\t\t<div class=\"elementor-widget-container\">\n\t\t\t\t\t<h2 class=\"elementor-heading-title elementor-size-default\">REJOIGNEZ LE CENTRE D\u2019\u00c9TUDES MB2 MAINTENANT<\/h2>\t\t\t\t<\/div>\n\t\t\t\t<\/div>\n\t\t\t\t<section class=\"elementor-section elementor-inner-section elementor-element elementor-element-b6146db elementor-section-boxed elementor-section-height-default elementor-section-height-default\" data-id=\"b6146db\" data-element_type=\"section\" data-e-type=\"section\">\n\t\t\t\t\t\t<div class=\"elementor-container elementor-column-gap-default\">\n\t\t\t\t\t<div class=\"elementor-column elementor-col-100 elementor-inner-column elementor-element elementor-element-72c00f5\" data-id=\"72c00f5\" data-element_type=\"column\" data-e-type=\"column\">\n\t\t\t<div class=\"elementor-widget-wrap elementor-element-populated\">\n\t\t\t\t\t\t<div class=\"elementor-element elementor-element-449c436 elementor-widget elementor-widget-text-editor\" data-id=\"449c436\" data-element_type=\"widget\" data-e-type=\"widget\" data-widget_type=\"text-editor.default\">\n\t\t\t\t<div class=\"elementor-widget-container\">\n\t\t\t\t\t\t\t\t\t<p>La cotisation annuelle est de 100,00 \u20ac, r\u00e9duite \u00e0 50,00 \u20ac pour les moins de vingt ans. (plus une \u00e9ventuelle contribution)<br \/>Les frais peuvent \u00eatre pay\u00e9s par virement bancaire \u00e0 l\u2019ordre de \u00ab Centro Studi Monte Bianco \u2013 &nbsp;Mario Bergamo pour donner un toi&nbsp;t \u00e0 l\u2019Europe \u00bb.<br \/>Centro&nbsp;Marca Banca &nbsp;&#8211; IBAN: IT31E0874902000000000470959<\/p>\n\t\t\t\t\t\t\t\t<\/div>\n\t\t\t\t<\/div>\n\t\t\t\t<div class=\"elementor-element elementor-element-639aa9f elementor-widget elementor-widget-heading\" data-id=\"639aa9f\" data-element_type=\"widget\" data-e-type=\"widget\" data-widget_type=\"heading.default\">\n\t\t\t\t<div class=\"elementor-widget-container\">\n\t\t\t\t\t<h2 class=\"elementor-heading-title elementor-size-default\">INCRIPTION INDIVIDUELLE<\/h2>\t\t\t\t<\/div>\n\t\t\t\t<\/div>\n\t\t\t\t\t<\/div>\n\t\t<\/div>\n\t\t\t\t\t<\/div>\n\t\t<\/section>\n\t\t\t\t<section class=\"elementor-section elementor-inner-section elementor-element elementor-element-f55c4d0 elementor-section-boxed elementor-section-height-default elementor-section-height-default\" data-id=\"f55c4d0\" data-element_type=\"section\" data-e-type=\"section\">\n\t\t\t\t\t\t<div class=\"elementor-container elementor-column-gap-default\">\n\t\t\t\t\t<div class=\"elementor-column elementor-col-100 elementor-inner-column elementor-element elementor-element-dcdca43\" data-id=\"dcdca43\" data-element_type=\"column\" data-e-type=\"column\">\n\t\t\t<div class=\"elementor-widget-wrap elementor-element-populated\">\n\t\t\t\t\t\t<div class=\"elementor-element elementor-element-5ffc945 elementor-widget elementor-widget-shortcode\" data-id=\"5ffc945\" data-element_type=\"widget\" data-e-type=\"widget\" data-widget_type=\"shortcode.default\">\n\t\t\t\t<div class=\"elementor-widget-container\">\n\t\t\t\t\t\t\t<div class=\"elementor-shortcode\">\n<div class=\"wpcf7 no-js\" id=\"wpcf7-f1569-o1\" lang=\"fr-FR\" dir=\"ltr\" data-wpcf7-id=\"1569\">\n<div class=\"screen-reader-response\"><p role=\"status\" aria-live=\"polite\" aria-atomic=\"true\"><\/p> <ul><\/ul><\/div>\n<form action=\"\/fr\/wp-json\/wp\/v2\/pages\/1529#wpcf7-f1569-o1\" method=\"post\" class=\"wpcf7-form init\" aria-label=\"Formulaire de contact\" novalidate=\"novalidate\" data-status=\"init\">\n<fieldset class=\"hidden-fields-container\"><input type=\"hidden\" name=\"_wpcf7\" value=\"1569\" \/><input type=\"hidden\" name=\"_wpcf7_version\" value=\"6.1.5\" \/><input type=\"hidden\" name=\"_wpcf7_locale\" value=\"fr_FR\" \/><input type=\"hidden\" name=\"_wpcf7_unit_tag\" value=\"wpcf7-f1569-o1\" \/><input type=\"hidden\" name=\"_wpcf7_container_post\" value=\"0\" \/><input type=\"hidden\" name=\"_wpcf7_posted_data_hash\" value=\"\" \/>\n<\/fieldset>\n<p><label> PR\u00c9NOM*<br \/>\n<span class=\"wpcf7-form-control-wrap\" data-name=\"tuo-name\"><input size=\"40\" maxlength=\"400\" class=\"wpcf7-form-control wpcf7-text wpcf7-validates-as-required\" aria-required=\"true\" aria-invalid=\"false\" value=\"\" type=\"text\" name=\"tuo-name\" \/><\/span> <\/label>\n<\/p>\n<p><label> NOM*<br \/>\n<span class=\"wpcf7-form-control-wrap\" data-name=\"tuo-cognome\"><input size=\"40\" maxlength=\"400\" class=\"wpcf7-form-control wpcf7-text wpcf7-validates-as-required\" aria-required=\"true\" aria-invalid=\"false\" value=\"\" type=\"text\" name=\"tuo-cognome\" \/><\/span> <\/label>\n<\/p>\n<p><label> DATE DE NAISSANCE*<br \/>\n<span class=\"wpcf7-form-control-wrap\" data-name=\"date-nascita\"><input class=\"wpcf7-form-control wpcf7-date wpcf7-validates-as-required wpcf7-validates-as-date\" aria-required=\"true\" aria-invalid=\"false\" value=\"\" type=\"date\" name=\"date-nascita\" \/><\/span> <\/label>\n<\/p>\n<p><label> LIEU DE NAISSANCE*<br \/>\n<span class=\"wpcf7-form-control-wrap\" data-name=\"luogo-nascita\"><input size=\"40\" maxlength=\"400\" class=\"wpcf7-form-control wpcf7-text wpcf7-validates-as-required\" aria-required=\"true\" aria-invalid=\"false\" value=\"\" type=\"text\" name=\"luogo-nascita\" \/><\/span> <\/label>\n<\/p>\n<p><label> LIEU DE R\u00c9SIDENCE*<br \/>\n<span class=\"wpcf7-form-control-wrap\" data-name=\"luogo-residenza\"><input size=\"40\" maxlength=\"400\" class=\"wpcf7-form-control wpcf7-text wpcf7-validates-as-required\" aria-required=\"true\" aria-invalid=\"false\" value=\"\" type=\"text\" name=\"luogo-residenza\" \/><\/span> <\/label>\n<\/p>\n<p><label> ADRESSE COMPLET*<br \/>\n<span class=\"wpcf7-form-control-wrap\" data-name=\"indirizzo\"><input size=\"40\" maxlength=\"400\" class=\"wpcf7-form-control wpcf7-text wpcf7-validates-as-required\" aria-required=\"true\" aria-invalid=\"false\" value=\"\" type=\"text\" name=\"indirizzo\" \/><\/span> <\/label>\n<\/p>\n<p><label> CODE FISCAL (NIR)*<br \/>\n<span class=\"wpcf7-form-control-wrap\" data-name=\"CF\"><input size=\"40\" maxlength=\"400\" class=\"wpcf7-form-control wpcf7-text wpcf7-validates-as-required\" aria-required=\"true\" aria-invalid=\"false\" value=\"\" type=\"text\" name=\"CF\" \/><\/span> <\/label>\n<\/p>\n<p><label> PAPIERS D\u2019IDENTIT\u00c9*<br \/>\n[select* documento include_blank \"Carta d\" identit=\"\" \"Patente\"]<\/label>\n<\/p>\n<p><label> NUM\u00c9RO DU DOCUMENT*<br \/>\n<span class=\"wpcf7-form-control-wrap\" data-name=\"numero_documento\"><input size=\"40\" maxlength=\"400\" class=\"wpcf7-form-control wpcf7-text wpcf7-validates-as-required\" aria-required=\"true\" aria-invalid=\"false\" value=\"\" type=\"text\" name=\"numero_documento\" \/><\/span> <\/label>\n<\/p>\n<p><label> DATE D\u2019\u00c9CH\u00c9ANCE<br \/>\n<span class=\"wpcf7-form-control-wrap\" data-name=\"date-scadenza\"><input class=\"wpcf7-form-control wpcf7-date wpcf7-validates-as-required wpcf7-validates-as-date\" aria-required=\"true\" aria-invalid=\"false\" value=\"\" type=\"date\" name=\"date-scadenza\" \/><\/span> <\/label>\n<\/p>\n<p><label> VOTRE COURRIER*<br \/>\n<span class=\"wpcf7-form-control-wrap\" data-name=\"your-email\"><input size=\"40\" maxlength=\"400\" class=\"wpcf7-form-control wpcf7-email wpcf7-validates-as-required wpcf7-text wpcf7-validates-as-email\" aria-required=\"true\" aria-invalid=\"false\" value=\"\" type=\"email\" name=\"your-email\" \/><\/span> <\/label>\n<\/p>\n<p><label> T\u00c9L\u00c9PHONE<br \/>\n<span class=\"wpcf7-form-control-wrap\" data-name=\"telefono\"><input size=\"40\" maxlength=\"400\" class=\"wpcf7-form-control wpcf7-tel wpcf7-text wpcf7-validates-as-tel\" aria-invalid=\"false\" value=\"\" type=\"tel\" name=\"telefono\" \/><\/span> <\/label>\n<\/p>\n<p><label> MOTIFIS DE CETTE REQU\u00caTE<br \/>\n<span class=\"wpcf7-form-control-wrap\" data-name=\"your-message\"><textarea cols=\"40\" rows=\"10\" maxlength=\"2000\" class=\"wpcf7-form-control wpcf7-textarea\" aria-invalid=\"false\" name=\"your-message\"><\/textarea><\/span> <\/label>\n<\/p>\n<p><span style=\"font-weight:normal; font-size:0.75em;\">Afin de pouvoir envoyer la demande de contact, vous devez accepter les conditions de confidentialit\u00e9*<\/span>\n<\/p>\n<p><span class=\"wpcf7-form-control-wrap\" data-name=\"acceptance-603\"><span class=\"wpcf7-form-control wpcf7-acceptance\"><span class=\"wpcf7-list-item\"><label><input type=\"checkbox\" name=\"acceptance-603\" value=\"1\" aria-invalid=\"false\" \/><span class=\"wpcf7-list-item-label\"><span style=\"font-weight:normal; font-size:0.75em;\">Je d\u00e9clare avoir lu les informations sur ce <a href=\"\/privacy-policy\/\">lien<\/a> et j\u2019autorise le traitement de mes donn\u00e9es personnelles aux fins qui y sont indiqu\u00e9es.*<\/span><\/span><\/label><\/span><\/span><\/span>\n<\/p>\n<p><input class=\"wpcf7-form-control wpcf7-submit has-spinner\" type=\"submit\" value=\"Invia\" \/>\n<\/p><div class=\"wpcf7-response-output\" aria-hidden=\"true\"><\/div>\n<\/form>\n<\/div>\n<\/div>\n\t\t\t\t\t\t<\/div>\n\t\t\t\t<\/div>\n\t\t\t\t\t<\/div>\n\t\t<\/div>\n\t\t\t\t\t<\/div>\n\t\t<\/section>\n\t\t\t\t\t<\/div>\n\t\t<\/div>\n\t\t\t\t\t<\/div>\n\t\t<\/section>\n\t\t\t\t<\/div>\n\t\t","protected":false},"excerpt":{"rendered":"<p>REJOIGNEZ LE CENTRE D\u2019\u00c9TUDES MB2 MAINTENANT La cotisation annuelle est de 100,00 \u20ac, r\u00e9duite \u00e0 50,00 \u20ac pour les moins de vingt ans. (plus une \u00e9ventuelle contribution) Les frais peuvent \u00eatre pay\u00e9s par virement bancaire \u00e0 l\u2019ordre de \u00ab Centro Studi Monte Bianco \u2013 \u00a0Mario Bergamo pour donner un toi\u00a0t \u00e0 l\u2019Europe \u00bb. Centro\u00a0Marca Banca [&hellip;]<\/p>\n","protected":false},"author":1,"featured_media":0,"parent":0,"menu_order":0,"comment_status":"closed","ping_status":"closed","template":"elementor_header_footer","meta":{"footnotes":""},"class_list":["post-1529","page","type-page","status-publish","hentry"],"yoast_head":"<!-- This site is optimized with the Yoast SEO plugin v27.4 - https:\/\/yoast.com\/product\/yoast-seo-wordpress\/ -->\n<title>Adh\u00e9sion - Centro studi MB2<\/title>\n<meta name=\"robots\" content=\"index, follow, max-snippet:-1, max-image-preview:large, max-video-preview:-1\" \/>\n<link rel=\"canonical\" href=\"https:\/\/www.centrostudimb2.eu\/fr\/adhesion\/\" \/>\n<meta property=\"og:locale\" content=\"fr_FR\" \/>\n<meta property=\"og:type\" content=\"article\" \/>\n<meta property=\"og:title\" content=\"Adh\u00e9sion - Centro studi MB2\" \/>\n<meta property=\"og:description\" content=\"REJOIGNEZ LE CENTRE D\u2019\u00c9TUDES MB2 MAINTENANT La cotisation annuelle est de 100,00 \u20ac, r\u00e9duite \u00e0 50,00 \u20ac pour les moins de vingt ans. (plus une \u00e9ventuelle contribution) Les frais peuvent \u00eatre pay\u00e9s par virement bancaire \u00e0 l\u2019ordre de \u00ab Centro Studi Monte Bianco \u2013 \u00a0Mario Bergamo pour donner un toi\u00a0t \u00e0 l\u2019Europe \u00bb. Centro\u00a0Marca Banca [&hellip;]\" \/>\n<meta property=\"og:url\" content=\"https:\/\/www.centrostudimb2.eu\/fr\/adhesion\/\" \/>\n<meta property=\"og:site_name\" content=\"Centro studi MB2\" \/>\n<meta property=\"article:modified_time\" content=\"2024-05-02T08:34:30+00:00\" \/>\n<meta property=\"og:image\" content=\"https:\/\/www.centrostudimb2.eu\/wp-content\/uploads\/2022\/05\/registrazione_individuale.png\" \/>\n<meta name=\"twitter:card\" content=\"summary_large_image\" \/>\n<meta name=\"twitter:label1\" content=\"Dur\u00e9e de lecture estim\u00e9e\" \/>\n\t<meta name=\"twitter:data1\" content=\"1 minute\" \/>\n<script type=\"application\/ld+json\" class=\"yoast-schema-graph\">{\"@context\":\"https:\\\/\\\/schema.org\",\"@graph\":[{\"@type\":\"WebPage\",\"@id\":\"https:\\\/\\\/www.centrostudimb2.eu\\\/fr\\\/adhesion\\\/\",\"url\":\"https:\\\/\\\/www.centrostudimb2.eu\\\/fr\\\/adhesion\\\/\",\"name\":\"Adh\u00e9sion - Centro studi MB2\",\"isPartOf\":{\"@id\":\"https:\\\/\\\/www.centrostudimb2.eu\\\/#website\"},\"primaryImageOfPage\":{\"@id\":\"https:\\\/\\\/www.centrostudimb2.eu\\\/fr\\\/adhesion\\\/#primaryimage\"},\"image\":{\"@id\":\"https:\\\/\\\/www.centrostudimb2.eu\\\/fr\\\/adhesion\\\/#primaryimage\"},\"thumbnailUrl\":\"https:\\\/\\\/www.centrostudimb2.eu\\\/wp-content\\\/uploads\\\/2022\\\/05\\\/registrazione_individuale.png\",\"datePublished\":\"2022-05-10T12:00:17+00:00\",\"dateModified\":\"2024-05-02T08:34:30+00:00\",\"breadcrumb\":{\"@id\":\"https:\\\/\\\/www.centrostudimb2.eu\\\/fr\\\/adhesion\\\/#breadcrumb\"},\"inLanguage\":\"fr-FR\",\"potentialAction\":[{\"@type\":\"ReadAction\",\"target\":[\"https:\\\/\\\/www.centrostudimb2.eu\\\/fr\\\/adhesion\\\/\"]}]},{\"@type\":\"ImageObject\",\"inLanguage\":\"fr-FR\",\"@id\":\"https:\\\/\\\/www.centrostudimb2.eu\\\/fr\\\/adhesion\\\/#primaryimage\",\"url\":\"https:\\\/\\\/www.centrostudimb2.eu\\\/wp-content\\\/uploads\\\/2022\\\/05\\\/registrazione_individuale.png\",\"contentUrl\":\"https:\\\/\\\/www.centrostudimb2.eu\\\/wp-content\\\/uploads\\\/2022\\\/05\\\/registrazione_individuale.png\"},{\"@type\":\"BreadcrumbList\",\"@id\":\"https:\\\/\\\/www.centrostudimb2.eu\\\/fr\\\/adhesion\\\/#breadcrumb\",\"itemListElement\":[{\"@type\":\"ListItem\",\"position\":1,\"name\":\"Home\",\"item\":\"https:\\\/\\\/www.centrostudimb2.eu\\\/\"},{\"@type\":\"ListItem\",\"position\":2,\"name\":\"Adh\u00e9sion\"}]},{\"@type\":\"WebSite\",\"@id\":\"https:\\\/\\\/www.centrostudimb2.eu\\\/#website\",\"url\":\"https:\\\/\\\/www.centrostudimb2.eu\\\/\",\"name\":\"Centro studi MB2\",\"description\":\"Monte Bianco-Mario Bergamo, per dare un tetto all\u2019Europa Onlus\",\"publisher\":{\"@id\":\"https:\\\/\\\/www.centrostudimb2.eu\\\/#organization\"},\"potentialAction\":[{\"@type\":\"SearchAction\",\"target\":{\"@type\":\"EntryPoint\",\"urlTemplate\":\"https:\\\/\\\/www.centrostudimb2.eu\\\/?s={search_term_string}\"},\"query-input\":{\"@type\":\"PropertyValueSpecification\",\"valueRequired\":true,\"valueName\":\"search_term_string\"}}],\"inLanguage\":\"fr-FR\"},{\"@type\":\"Organization\",\"@id\":\"https:\\\/\\\/www.centrostudimb2.eu\\\/#organization\",\"name\":\"Centro studi MB2\",\"url\":\"https:\\\/\\\/www.centrostudimb2.eu\\\/\",\"logo\":{\"@type\":\"ImageObject\",\"inLanguage\":\"fr-FR\",\"@id\":\"https:\\\/\\\/www.centrostudimb2.eu\\\/#\\\/schema\\\/logo\\\/image\\\/\",\"url\":\"https:\\\/\\\/www.centrostudimb2.eu\\\/wp-content\\\/uploads\\\/2022\\\/04\\\/logo.jpeg\",\"contentUrl\":\"https:\\\/\\\/www.centrostudimb2.eu\\\/wp-content\\\/uploads\\\/2022\\\/04\\\/logo.jpeg\",\"width\":521,\"height\":1024,\"caption\":\"Centro studi MB2\"},\"image\":{\"@id\":\"https:\\\/\\\/www.centrostudimb2.eu\\\/#\\\/schema\\\/logo\\\/image\\\/\"}}]}<\/script>\n<!-- \/ Yoast SEO plugin. -->","yoast_head_json":{"title":"Adh\u00e9sion - Centro studi MB2","robots":{"index":"index","follow":"follow","max-snippet":"max-snippet:-1","max-image-preview":"max-image-preview:large","max-video-preview":"max-video-preview:-1"},"canonical":"https:\/\/www.centrostudimb2.eu\/fr\/adhesion\/","og_locale":"fr_FR","og_type":"article","og_title":"Adh\u00e9sion - Centro studi MB2","og_description":"REJOIGNEZ LE CENTRE D\u2019\u00c9TUDES MB2 MAINTENANT La cotisation annuelle est de 100,00 \u20ac, r\u00e9duite \u00e0 50,00 \u20ac pour les moins de vingt ans. (plus une \u00e9ventuelle contribution) Les frais peuvent \u00eatre pay\u00e9s par virement bancaire \u00e0 l\u2019ordre de \u00ab Centro Studi Monte Bianco \u2013 \u00a0Mario Bergamo pour donner un toi\u00a0t \u00e0 l\u2019Europe \u00bb. Centro\u00a0Marca Banca [&hellip;]","og_url":"https:\/\/www.centrostudimb2.eu\/fr\/adhesion\/","og_site_name":"Centro studi MB2","article_modified_time":"2024-05-02T08:34:30+00:00","og_image":[{"url":"https:\/\/www.centrostudimb2.eu\/wp-content\/uploads\/2022\/05\/registrazione_individuale.png","type":"","width":"","height":""}],"twitter_card":"summary_large_image","twitter_misc":{"Dur\u00e9e de lecture estim\u00e9e":"1 minute"},"schema":{"@context":"https:\/\/schema.org","@graph":[{"@type":"WebPage","@id":"https:\/\/www.centrostudimb2.eu\/fr\/adhesion\/","url":"https:\/\/www.centrostudimb2.eu\/fr\/adhesion\/","name":"Adh\u00e9sion - Centro studi MB2","isPartOf":{"@id":"https:\/\/www.centrostudimb2.eu\/#website"},"primaryImageOfPage":{"@id":"https:\/\/www.centrostudimb2.eu\/fr\/adhesion\/#primaryimage"},"image":{"@id":"https:\/\/www.centrostudimb2.eu\/fr\/adhesion\/#primaryimage"},"thumbnailUrl":"https:\/\/www.centrostudimb2.eu\/wp-content\/uploads\/2022\/05\/registrazione_individuale.png","datePublished":"2022-05-10T12:00:17+00:00","dateModified":"2024-05-02T08:34:30+00:00","breadcrumb":{"@id":"https:\/\/www.centrostudimb2.eu\/fr\/adhesion\/#breadcrumb"},"inLanguage":"fr-FR","potentialAction":[{"@type":"ReadAction","target":["https:\/\/www.centrostudimb2.eu\/fr\/adhesion\/"]}]},{"@type":"ImageObject","inLanguage":"fr-FR","@id":"https:\/\/www.centrostudimb2.eu\/fr\/adhesion\/#primaryimage","url":"https:\/\/www.centrostudimb2.eu\/wp-content\/uploads\/2022\/05\/registrazione_individuale.png","contentUrl":"https:\/\/www.centrostudimb2.eu\/wp-content\/uploads\/2022\/05\/registrazione_individuale.png"},{"@type":"BreadcrumbList","@id":"https:\/\/www.centrostudimb2.eu\/fr\/adhesion\/#breadcrumb","itemListElement":[{"@type":"ListItem","position":1,"name":"Home","item":"https:\/\/www.centrostudimb2.eu\/"},{"@type":"ListItem","position":2,"name":"Adh\u00e9sion"}]},{"@type":"WebSite","@id":"https:\/\/www.centrostudimb2.eu\/#website","url":"https:\/\/www.centrostudimb2.eu\/","name":"Centro studi MB2","description":"Monte Bianco-Mario Bergamo, per dare un tetto all\u2019Europa Onlus","publisher":{"@id":"https:\/\/www.centrostudimb2.eu\/#organization"},"potentialAction":[{"@type":"SearchAction","target":{"@type":"EntryPoint","urlTemplate":"https:\/\/www.centrostudimb2.eu\/?s={search_term_string}"},"query-input":{"@type":"PropertyValueSpecification","valueRequired":true,"valueName":"search_term_string"}}],"inLanguage":"fr-FR"},{"@type":"Organization","@id":"https:\/\/www.centrostudimb2.eu\/#organization","name":"Centro studi MB2","url":"https:\/\/www.centrostudimb2.eu\/","logo":{"@type":"ImageObject","inLanguage":"fr-FR","@id":"https:\/\/www.centrostudimb2.eu\/#\/schema\/logo\/image\/","url":"https:\/\/www.centrostudimb2.eu\/wp-content\/uploads\/2022\/04\/logo.jpeg","contentUrl":"https:\/\/www.centrostudimb2.eu\/wp-content\/uploads\/2022\/04\/logo.jpeg","width":521,"height":1024,"caption":"Centro studi MB2"},"image":{"@id":"https:\/\/www.centrostudimb2.eu\/#\/schema\/logo\/image\/"}}]}},"_links":{"self":[{"href":"https:\/\/www.centrostudimb2.eu\/fr\/wp-json\/wp\/v2\/pages\/1529","targetHints":{"allow":["GET"]}}],"collection":[{"href":"https:\/\/www.centrostudimb2.eu\/fr\/wp-json\/wp\/v2\/pages"}],"about":[{"href":"https:\/\/www.centrostudimb2.eu\/fr\/wp-json\/wp\/v2\/types\/page"}],"author":[{"embeddable":true,"href":"https:\/\/www.centrostudimb2.eu\/fr\/wp-json\/wp\/v2\/users\/1"}],"replies":[{"embeddable":true,"href":"https:\/\/www.centrostudimb2.eu\/fr\/wp-json\/wp\/v2\/comments?post=1529"}],"version-history":[{"count":5,"href":"https:\/\/www.centrostudimb2.eu\/fr\/wp-json\/wp\/v2\/pages\/1529\/revisions"}],"predecessor-version":[{"id":1535,"href":"https:\/\/www.centrostudimb2.eu\/fr\/wp-json\/wp\/v2\/pages\/1529\/revisions\/1535"}],"wp:attachment":[{"href":"https:\/\/www.centrostudimb2.eu\/fr\/wp-json\/wp\/v2\/media?parent=1529"}],"curies":[{"name":"wp","href":"https:\/\/api.w.org\/{rel}","templated":true}]}}