{"id":1541,"date":"2022-05-02T07:59:47","date_gmt":"2022-05-02T05:59:47","guid":{"rendered":"https:\/\/www.centrostudimb2.eu\/pour-lesprit-europeen\/"},"modified":"2024-05-02T10:42:52","modified_gmt":"2024-05-02T09:42:52","slug":"pour-lesprit-europeen","status":"publish","type":"page","link":"https:\/\/www.centrostudimb2.eu\/fr\/pour-lesprit-europeen\/","title":{"rendered":"POUR L\u2019ESPRIT EUROPEEN"},"content":{"rendered":"\t\t<div data-elementor-type=\"wp-page\" data-elementor-id=\"1541\" class=\"elementor elementor-1541 elementor-56\" data-elementor-post-type=\"page\">\n\t\t\t\t\t\t<section class=\"elementor-section elementor-top-section elementor-element elementor-element-18d8b85 elementor-section-height-min-height elementor-section-boxed elementor-section-height-default elementor-section-items-middle\" data-id=\"18d8b85\" data-element_type=\"section\" data-e-type=\"section\" data-settings=\"{&quot;background_background&quot;:&quot;classic&quot;}\">\n\t\t\t\t\t\t<div class=\"elementor-container elementor-column-gap-default\">\n\t\t\t\t\t<div class=\"elementor-column elementor-col-100 elementor-top-column elementor-element elementor-element-a32faeb\" data-id=\"a32faeb\" data-element_type=\"column\" data-e-type=\"column\">\n\t\t\t<div class=\"elementor-widget-wrap elementor-element-populated\">\n\t\t\t\t\t\t<section class=\"elementor-section elementor-inner-section elementor-element elementor-element-6e7553a elementor-section-boxed elementor-section-height-default elementor-section-height-default\" data-id=\"6e7553a\" data-element_type=\"section\" data-e-type=\"section\">\n\t\t\t\t\t\t<div class=\"elementor-container elementor-column-gap-default\">\n\t\t\t\t\t<div class=\"elementor-column elementor-col-50 elementor-inner-column elementor-element elementor-element-90a010b\" data-id=\"90a010b\" data-element_type=\"column\" data-e-type=\"column\">\n\t\t\t<div class=\"elementor-widget-wrap\">\n\t\t\t\t\t\t\t<\/div>\n\t\t<\/div>\n\t\t\t\t<div class=\"elementor-column elementor-col-50 elementor-inner-column elementor-element elementor-element-d0137a5\" data-id=\"d0137a5\" data-element_type=\"column\" data-e-type=\"column\">\n\t\t\t<div class=\"elementor-widget-wrap\">\n\t\t\t\t\t\t\t<\/div>\n\t\t<\/div>\n\t\t\t\t\t<\/div>\n\t\t<\/section>\n\t\t\t\t\t<\/div>\n\t\t<\/div>\n\t\t\t\t\t<\/div>\n\t\t<\/section>\n\t\t\t\t<section class=\"elementor-section elementor-top-section elementor-element elementor-element-463317a elementor-section-boxed elementor-section-height-default elementor-section-height-default\" data-id=\"463317a\" data-element_type=\"section\" data-e-type=\"section\">\n\t\t\t\t\t\t<div class=\"elementor-container elementor-column-gap-default\">\n\t\t\t\t\t<div class=\"elementor-column elementor-col-100 elementor-top-column elementor-element elementor-element-32af55f\" data-id=\"32af55f\" data-element_type=\"column\" data-e-type=\"column\">\n\t\t\t<div class=\"elementor-widget-wrap elementor-element-populated\">\n\t\t\t\t\t\t<section class=\"elementor-section elementor-inner-section elementor-element elementor-element-96fc5bc elementor-section-boxed elementor-section-height-default elementor-section-height-default\" data-id=\"96fc5bc\" data-element_type=\"section\" data-e-type=\"section\">\n\t\t\t\t\t\t<div class=\"elementor-container elementor-column-gap-default\">\n\t\t\t\t\t<div class=\"elementor-column elementor-col-100 elementor-inner-column elementor-element elementor-element-a86aea1\" data-id=\"a86aea1\" data-element_type=\"column\" data-e-type=\"column\">\n\t\t\t<div class=\"elementor-widget-wrap elementor-element-populated\">\n\t\t\t\t\t\t<div class=\"elementor-element elementor-element-b64c1db elementor-widget elementor-widget-theme-post-title elementor-page-title elementor-widget-heading\" data-id=\"b64c1db\" data-element_type=\"widget\" data-e-type=\"widget\" data-widget_type=\"theme-post-title.default\">\n\t\t\t\t<div class=\"elementor-widget-container\">\n\t\t\t\t\t<h1 class=\"elementor-heading-title elementor-size-default\">POUR L\u2019ESPRIT EUROPEEN<\/h1>\t\t\t\t<\/div>\n\t\t\t\t<\/div>\n\t\t\t\t<div class=\"elementor-element elementor-element-06637f4 elementor-widget elementor-widget-text-editor\" data-id=\"06637f4\" data-element_type=\"widget\" data-e-type=\"widget\" data-widget_type=\"text-editor.default\">\n\t\t\t\t<div class=\"elementor-widget-container\">\n\t\t\t\t\t\t\t\t\t<p>Les intellectuels italiens et fran\u00e7ais unis pour un esprit europ\u00e9en renouvel\u00e9<\/p>\n\t\t\t\t\t\t\t\t<\/div>\n\t\t\t\t<\/div>\n\t\t\t\t\t<\/div>\n\t\t<\/div>\n\t\t\t\t\t<\/div>\n\t\t<\/section>\n\t\t\t\t<section class=\"elementor-section elementor-inner-section elementor-element elementor-element-3f772d0 elementor-section-boxed elementor-section-height-default elementor-section-height-default\" data-id=\"3f772d0\" data-element_type=\"section\" data-e-type=\"section\">\n\t\t\t\t\t\t<div class=\"elementor-container elementor-column-gap-default\">\n\t\t\t\t\t<div class=\"elementor-column elementor-col-100 elementor-inner-column elementor-element elementor-element-9e69373\" data-id=\"9e69373\" data-element_type=\"column\" data-e-type=\"column\">\n\t\t\t<div class=\"elementor-widget-wrap elementor-element-populated\">\n\t\t\t\t\t\t\t<\/div>\n\t\t<\/div>\n\t\t\t\t\t<\/div>\n\t\t<\/section>\n\t\t\t\t\t<\/div>\n\t\t<\/div>\n\t\t\t\t\t<\/div>\n\t\t<\/section>\n\t\t\t\t<\/div>\n\t\t","protected":false},"excerpt":{"rendered":"<p>Les intellectuels italiens et fran\u00e7ais unis pour un esprit europ\u00e9en renouvel\u00e9<\/p>\n","protected":false},"author":1,"featured_media":0,"parent":0,"menu_order":0,"comment_status":"closed","ping_status":"closed","template":"elementor_header_footer","meta":{"footnotes":""},"class_list":["post-1541","page","type-page","status-publish","hentry"],"yoast_head":"<!-- This site is optimized with the Yoast SEO plugin v27.4 - https:\/\/yoast.com\/product\/yoast-seo-wordpress\/ -->\n<title>POUR L\u2019ESPRIT EUROPEEN - Centro studi MB2<\/title>\n<meta name=\"robots\" content=\"index, follow, max-snippet:-1, max-image-preview:large, max-video-preview:-1\" \/>\n<link rel=\"canonical\" href=\"https:\/\/www.centrostudimb2.eu\/fr\/pour-lesprit-europeen\/\" \/>\n<meta property=\"og:locale\" content=\"fr_FR\" \/>\n<meta property=\"og:type\" content=\"article\" \/>\n<meta property=\"og:title\" content=\"POUR L\u2019ESPRIT EUROPEEN - Centro studi MB2\" \/>\n<meta property=\"og:description\" content=\"Les intellectuels italiens et fran\u00e7ais unis pour un esprit europ\u00e9en renouvel\u00e9\" \/>\n<meta property=\"og:url\" content=\"https:\/\/www.centrostudimb2.eu\/fr\/pour-lesprit-europeen\/\" \/>\n<meta property=\"og:site_name\" content=\"Centro studi MB2\" \/>\n<meta property=\"article:modified_time\" content=\"2024-05-02T09:42:52+00:00\" \/>\n<meta name=\"twitter:card\" content=\"summary_large_image\" \/>\n<meta name=\"twitter:label1\" content=\"Dur\u00e9e de lecture estim\u00e9e\" \/>\n\t<meta name=\"twitter:data1\" content=\"1 minute\" \/>\n<script type=\"application\/ld+json\" class=\"yoast-schema-graph\">{\"@context\":\"https:\\\/\\\/schema.org\",\"@graph\":[{\"@type\":\"WebPage\",\"@id\":\"https:\\\/\\\/www.centrostudimb2.eu\\\/fr\\\/pour-lesprit-europeen\\\/\",\"url\":\"https:\\\/\\\/www.centrostudimb2.eu\\\/fr\\\/pour-lesprit-europeen\\\/\",\"name\":\"POUR L\u2019ESPRIT EUROPEEN - Centro studi MB2\",\"isPartOf\":{\"@id\":\"https:\\\/\\\/www.centrostudimb2.eu\\\/#website\"},\"datePublished\":\"2022-05-02T05:59:47+00:00\",\"dateModified\":\"2024-05-02T09:42:52+00:00\",\"breadcrumb\":{\"@id\":\"https:\\\/\\\/www.centrostudimb2.eu\\\/fr\\\/pour-lesprit-europeen\\\/#breadcrumb\"},\"inLanguage\":\"fr-FR\",\"potentialAction\":[{\"@type\":\"ReadAction\",\"target\":[\"https:\\\/\\\/www.centrostudimb2.eu\\\/fr\\\/pour-lesprit-europeen\\\/\"]}]},{\"@type\":\"BreadcrumbList\",\"@id\":\"https:\\\/\\\/www.centrostudimb2.eu\\\/fr\\\/pour-lesprit-europeen\\\/#breadcrumb\",\"itemListElement\":[{\"@type\":\"ListItem\",\"position\":1,\"name\":\"Home\",\"item\":\"https:\\\/\\\/www.centrostudimb2.eu\\\/\"},{\"@type\":\"ListItem\",\"position\":2,\"name\":\"POUR L\u2019ESPRIT EUROPEEN\"}]},{\"@type\":\"WebSite\",\"@id\":\"https:\\\/\\\/www.centrostudimb2.eu\\\/#website\",\"url\":\"https:\\\/\\\/www.centrostudimb2.eu\\\/\",\"name\":\"Centro studi MB2\",\"description\":\"Monte Bianco-Mario Bergamo, per dare un tetto all\u2019Europa Onlus\",\"publisher\":{\"@id\":\"https:\\\/\\\/www.centrostudimb2.eu\\\/#organization\"},\"potentialAction\":[{\"@type\":\"SearchAction\",\"target\":{\"@type\":\"EntryPoint\",\"urlTemplate\":\"https:\\\/\\\/www.centrostudimb2.eu\\\/?s={search_term_string}\"},\"query-input\":{\"@type\":\"PropertyValueSpecification\",\"valueRequired\":true,\"valueName\":\"search_term_string\"}}],\"inLanguage\":\"fr-FR\"},{\"@type\":\"Organization\",\"@id\":\"https:\\\/\\\/www.centrostudimb2.eu\\\/#organization\",\"name\":\"Centro studi MB2\",\"url\":\"https:\\\/\\\/www.centrostudimb2.eu\\\/\",\"logo\":{\"@type\":\"ImageObject\",\"inLanguage\":\"fr-FR\",\"@id\":\"https:\\\/\\\/www.centrostudimb2.eu\\\/#\\\/schema\\\/logo\\\/image\\\/\",\"url\":\"https:\\\/\\\/www.centrostudimb2.eu\\\/wp-content\\\/uploads\\\/2022\\\/04\\\/logo.jpeg\",\"contentUrl\":\"https:\\\/\\\/www.centrostudimb2.eu\\\/wp-content\\\/uploads\\\/2022\\\/04\\\/logo.jpeg\",\"width\":521,\"height\":1024,\"caption\":\"Centro studi MB2\"},\"image\":{\"@id\":\"https:\\\/\\\/www.centrostudimb2.eu\\\/#\\\/schema\\\/logo\\\/image\\\/\"}}]}<\/script>\n<!-- \/ Yoast SEO plugin. -->","yoast_head_json":{"title":"POUR L\u2019ESPRIT EUROPEEN - Centro studi MB2","robots":{"index":"index","follow":"follow","max-snippet":"max-snippet:-1","max-image-preview":"max-image-preview:large","max-video-preview":"max-video-preview:-1"},"canonical":"https:\/\/www.centrostudimb2.eu\/fr\/pour-lesprit-europeen\/","og_locale":"fr_FR","og_type":"article","og_title":"POUR L\u2019ESPRIT EUROPEEN - Centro studi MB2","og_description":"Les intellectuels italiens et fran\u00e7ais unis pour un esprit europ\u00e9en renouvel\u00e9","og_url":"https:\/\/www.centrostudimb2.eu\/fr\/pour-lesprit-europeen\/","og_site_name":"Centro studi MB2","article_modified_time":"2024-05-02T09:42:52+00:00","twitter_card":"summary_large_image","twitter_misc":{"Dur\u00e9e de lecture estim\u00e9e":"1 minute"},"schema":{"@context":"https:\/\/schema.org","@graph":[{"@type":"WebPage","@id":"https:\/\/www.centrostudimb2.eu\/fr\/pour-lesprit-europeen\/","url":"https:\/\/www.centrostudimb2.eu\/fr\/pour-lesprit-europeen\/","name":"POUR L\u2019ESPRIT EUROPEEN - Centro studi MB2","isPartOf":{"@id":"https:\/\/www.centrostudimb2.eu\/#website"},"datePublished":"2022-05-02T05:59:47+00:00","dateModified":"2024-05-02T09:42:52+00:00","breadcrumb":{"@id":"https:\/\/www.centrostudimb2.eu\/fr\/pour-lesprit-europeen\/#breadcrumb"},"inLanguage":"fr-FR","potentialAction":[{"@type":"ReadAction","target":["https:\/\/www.centrostudimb2.eu\/fr\/pour-lesprit-europeen\/"]}]},{"@type":"BreadcrumbList","@id":"https:\/\/www.centrostudimb2.eu\/fr\/pour-lesprit-europeen\/#breadcrumb","itemListElement":[{"@type":"ListItem","position":1,"name":"Home","item":"https:\/\/www.centrostudimb2.eu\/"},{"@type":"ListItem","position":2,"name":"POUR L\u2019ESPRIT EUROPEEN"}]},{"@type":"WebSite","@id":"https:\/\/www.centrostudimb2.eu\/#website","url":"https:\/\/www.centrostudimb2.eu\/","name":"Centro studi MB2","description":"Monte Bianco-Mario Bergamo, per dare un tetto all\u2019Europa Onlus","publisher":{"@id":"https:\/\/www.centrostudimb2.eu\/#organization"},"potentialAction":[{"@type":"SearchAction","target":{"@type":"EntryPoint","urlTemplate":"https:\/\/www.centrostudimb2.eu\/?s={search_term_string}"},"query-input":{"@type":"PropertyValueSpecification","valueRequired":true,"valueName":"search_term_string"}}],"inLanguage":"fr-FR"},{"@type":"Organization","@id":"https:\/\/www.centrostudimb2.eu\/#organization","name":"Centro studi MB2","url":"https:\/\/www.centrostudimb2.eu\/","logo":{"@type":"ImageObject","inLanguage":"fr-FR","@id":"https:\/\/www.centrostudimb2.eu\/#\/schema\/logo\/image\/","url":"https:\/\/www.centrostudimb2.eu\/wp-content\/uploads\/2022\/04\/logo.jpeg","contentUrl":"https:\/\/www.centrostudimb2.eu\/wp-content\/uploads\/2022\/04\/logo.jpeg","width":521,"height":1024,"caption":"Centro studi MB2"},"image":{"@id":"https:\/\/www.centrostudimb2.eu\/#\/schema\/logo\/image\/"}}]}},"_links":{"self":[{"href":"https:\/\/www.centrostudimb2.eu\/fr\/wp-json\/wp\/v2\/pages\/1541","targetHints":{"allow":["GET"]}}],"collection":[{"href":"https:\/\/www.centrostudimb2.eu\/fr\/wp-json\/wp\/v2\/pages"}],"about":[{"href":"https:\/\/www.centrostudimb2.eu\/fr\/wp-json\/wp\/v2\/types\/page"}],"author":[{"embeddable":true,"href":"https:\/\/www.centrostudimb2.eu\/fr\/wp-json\/wp\/v2\/users\/1"}],"replies":[{"embeddable":true,"href":"https:\/\/www.centrostudimb2.eu\/fr\/wp-json\/wp\/v2\/comments?post=1541"}],"version-history":[{"count":2,"href":"https:\/\/www.centrostudimb2.eu\/fr\/wp-json\/wp\/v2\/pages\/1541\/revisions"}],"predecessor-version":[{"id":1543,"href":"https:\/\/www.centrostudimb2.eu\/fr\/wp-json\/wp\/v2\/pages\/1541\/revisions\/1543"}],"wp:attachment":[{"href":"https:\/\/www.centrostudimb2.eu\/fr\/wp-json\/wp\/v2\/media?parent=1541"}],"curies":[{"name":"wp","href":"https:\/\/api.w.org\/{rel}","templated":true}]}}