{"id":1555,"date":"2022-05-02T08:02:00","date_gmt":"2022-05-02T07:02:00","guid":{"rendered":"https:\/\/www.centrostudimb2.eu\/contatti\/"},"modified":"2024-05-02T13:29:09","modified_gmt":"2024-05-02T12:29:09","slug":"contacts","status":"publish","type":"page","link":"https:\/\/www.centrostudimb2.eu\/fr\/contacts\/","title":{"rendered":"Contacts"},"content":{"rendered":"\t\t<div data-elementor-type=\"wp-page\" data-elementor-id=\"1555\" class=\"elementor elementor-1555 elementor-65\" data-elementor-post-type=\"page\">\n\t\t\t\t\t\t<section class=\"elementor-section elementor-top-section elementor-element elementor-element-2ba80f1 elementor-section-full_width elementor-section-height-min-height elementor-section-height-default elementor-section-items-middle\" data-id=\"2ba80f1\" data-element_type=\"section\" data-e-type=\"section\" data-settings=\"{&quot;background_background&quot;:&quot;classic&quot;}\">\n\t\t\t\t\t\t<div class=\"elementor-container elementor-column-gap-default\">\n\t\t\t\t\t<div class=\"elementor-column elementor-col-100 elementor-top-column elementor-element elementor-element-5a8dc6f\" data-id=\"5a8dc6f\" data-element_type=\"column\" data-e-type=\"column\">\n\t\t\t<div class=\"elementor-widget-wrap elementor-element-populated\">\n\t\t\t\t\t\t<section class=\"elementor-section elementor-inner-section elementor-element elementor-element-d7130f4 elementor-section-boxed elementor-section-height-default elementor-section-height-default\" data-id=\"d7130f4\" data-element_type=\"section\" data-e-type=\"section\">\n\t\t\t\t\t\t<div class=\"elementor-container elementor-column-gap-default\">\n\t\t\t\t\t<div class=\"elementor-column elementor-col-50 elementor-inner-column elementor-element elementor-element-8420ec1\" data-id=\"8420ec1\" data-element_type=\"column\" data-e-type=\"column\">\n\t\t\t<div class=\"elementor-widget-wrap\">\n\t\t\t\t\t\t\t<\/div>\n\t\t<\/div>\n\t\t\t\t<div class=\"elementor-column elementor-col-50 elementor-inner-column elementor-element elementor-element-a23973e\" data-id=\"a23973e\" data-element_type=\"column\" data-e-type=\"column\">\n\t\t\t<div class=\"elementor-widget-wrap\">\n\t\t\t\t\t\t\t<\/div>\n\t\t<\/div>\n\t\t\t\t\t<\/div>\n\t\t<\/section>\n\t\t\t\t\t<\/div>\n\t\t<\/div>\n\t\t\t\t\t<\/div>\n\t\t<\/section>\n\t\t\t\t<section class=\"elementor-section elementor-top-section elementor-element elementor-element-e923bed elementor-section-boxed elementor-section-height-default elementor-section-height-default\" data-id=\"e923bed\" data-element_type=\"section\" data-e-type=\"section\">\n\t\t\t\t\t\t<div class=\"elementor-container elementor-column-gap-default\">\n\t\t\t\t\t<div class=\"elementor-column elementor-col-100 elementor-top-column elementor-element elementor-element-431f6c1\" data-id=\"431f6c1\" data-element_type=\"column\" data-e-type=\"column\">\n\t\t\t<div class=\"elementor-widget-wrap elementor-element-populated\">\n\t\t\t\t\t\t<section class=\"elementor-section elementor-inner-section elementor-element elementor-element-d82d74e elementor-section-boxed elementor-section-height-default elementor-section-height-default\" data-id=\"d82d74e\" data-element_type=\"section\" data-e-type=\"section\">\n\t\t\t\t\t\t<div class=\"elementor-container elementor-column-gap-default\">\n\t\t\t\t\t<div class=\"elementor-column elementor-col-100 elementor-inner-column elementor-element elementor-element-fcd90ec\" data-id=\"fcd90ec\" data-element_type=\"column\" data-e-type=\"column\">\n\t\t\t<div class=\"elementor-widget-wrap elementor-element-populated\">\n\t\t\t\t\t\t<div class=\"elementor-element elementor-element-68766d7 elementor-widget elementor-widget-heading\" data-id=\"68766d7\" data-element_type=\"widget\" data-e-type=\"widget\" data-widget_type=\"heading.default\">\n\t\t\t\t<div class=\"elementor-widget-container\">\n\t\t\t\t\t<h2 class=\"elementor-heading-title elementor-size-default\">CONTACTEZ-NOUS<\/h2>\t\t\t\t<\/div>\n\t\t\t\t<\/div>\n\t\t\t\t\t<\/div>\n\t\t<\/div>\n\t\t\t\t\t<\/div>\n\t\t<\/section>\n\t\t\t\t<section class=\"elementor-section elementor-inner-section elementor-element elementor-element-12fbfce elementor-section-boxed elementor-section-height-default elementor-section-height-default\" data-id=\"12fbfce\" data-element_type=\"section\" data-e-type=\"section\">\n\t\t\t\t\t\t<div class=\"elementor-container elementor-column-gap-default\">\n\t\t\t\t\t<div class=\"elementor-column elementor-col-33 elementor-inner-column elementor-element elementor-element-79ecfee\" data-id=\"79ecfee\" data-element_type=\"column\" data-e-type=\"column\">\n\t\t\t<div class=\"elementor-widget-wrap elementor-element-populated\">\n\t\t\t\t\t\t<div class=\"elementor-element elementor-element-3f804a0 elementor-widget elementor-widget-heading\" data-id=\"3f804a0\" data-element_type=\"widget\" data-e-type=\"widget\" data-widget_type=\"heading.default\">\n\t\t\t\t<div class=\"elementor-widget-container\">\n\t\t\t\t\t<h2 class=\"elementor-heading-title elementor-size-default\">Centre d\u2019\u00e9tudes MB2<\/h2>\t\t\t\t<\/div>\n\t\t\t\t<\/div>\n\t\t\t\t<div class=\"elementor-element elementor-element-e771440 elementor-widget elementor-widget-text-editor\" data-id=\"e771440\" data-element_type=\"widget\" data-e-type=\"widget\" data-widget_type=\"text-editor.default\">\n\t\t\t\t<div class=\"elementor-widget-container\">\n\t\t\t\t\t\t\t\t\t<p>Monte Bianco-Mario Bergamo,<br \/>pour donner un toit \u00e0 Europa Onlus.<\/p>\n<p><strong>Si\u00e8ge social<\/strong><br \/>Corso Lancieri d\u2019Aosta 15 Q<br \/>11100 Aosta &#8211; Italia<\/p>\n<p><strong>Autres Si\u00e8ges<\/strong><br \/>Vicolo del Cinque, 31<br \/>00153 Roma<\/p>\n<p>Via Guido Bergamo, 4<br \/>30174 Venezia (VE)<\/p>\n<p>C.F. 91076310076<br \/>PEC: mb2onlus@pec.it<br \/>Presidente: presidente@centrostudimb2.eu<\/p>\n\t\t\t\t\t\t\t\t<\/div>\n\t\t\t\t<\/div>\n\t\t\t\t\t<\/div>\n\t\t<\/div>\n\t\t\t\t<div class=\"elementor-column elementor-col-66 elementor-inner-column elementor-element elementor-element-1b6dbce\" data-id=\"1b6dbce\" data-element_type=\"column\" data-e-type=\"column\">\n\t\t\t<div class=\"elementor-widget-wrap elementor-element-populated\">\n\t\t\t\t\t\t<div class=\"elementor-element elementor-element-320774a elementor-widget elementor-widget-shortcode\" data-id=\"320774a\" data-element_type=\"widget\" data-e-type=\"widget\" data-widget_type=\"shortcode.default\">\n\t\t\t\t<div class=\"elementor-widget-container\">\n\t\t\t\t\t\t\t<div class=\"elementor-shortcode\">\n<div class=\"wpcf7 no-js\" id=\"wpcf7-f1568-o1\" lang=\"fr-FR\" dir=\"ltr\" data-wpcf7-id=\"1568\">\n<div class=\"screen-reader-response\"><p role=\"status\" aria-live=\"polite\" aria-atomic=\"true\"><\/p> <ul><\/ul><\/div>\n<form action=\"\/fr\/wp-json\/wp\/v2\/pages\/1555#wpcf7-f1568-o1\" method=\"post\" class=\"wpcf7-form init\" aria-label=\"Formulaire de contact\" novalidate=\"novalidate\" data-status=\"init\">\n<fieldset class=\"hidden-fields-container\"><input type=\"hidden\" name=\"_wpcf7\" value=\"1568\" \/><input type=\"hidden\" name=\"_wpcf7_version\" value=\"6.1.5\" \/><input type=\"hidden\" name=\"_wpcf7_locale\" value=\"fr_FR\" \/><input type=\"hidden\" name=\"_wpcf7_unit_tag\" value=\"wpcf7-f1568-o1\" \/><input type=\"hidden\" name=\"_wpcf7_container_post\" value=\"0\" \/><input type=\"hidden\" name=\"_wpcf7_posted_data_hash\" value=\"\" \/>\n<\/fieldset>\n<p><label> Votre nom<br \/>\n<span class=\"wpcf7-form-control-wrap\" data-name=\"your-name\"><input size=\"40\" maxlength=\"400\" class=\"wpcf7-form-control wpcf7-text wpcf7-validates-as-required\" aria-required=\"true\" aria-invalid=\"false\" value=\"\" type=\"text\" name=\"your-name\" \/><\/span> <\/label>\n<\/p>\n<p><label> votre adresse e-mail<br \/>\n<span class=\"wpcf7-form-control-wrap\" data-name=\"your-email\"><input size=\"40\" maxlength=\"400\" class=\"wpcf7-form-control wpcf7-email wpcf7-validates-as-required wpcf7-text wpcf7-validates-as-email\" aria-required=\"true\" aria-invalid=\"false\" value=\"\" type=\"email\" name=\"your-email\" \/><\/span> <\/label>\n<\/p>\n<p><label> objet<br \/>\n<span class=\"wpcf7-form-control-wrap\" data-name=\"your-subject\"><input size=\"40\" maxlength=\"400\" class=\"wpcf7-form-control wpcf7-text wpcf7-validates-as-required\" aria-required=\"true\" aria-invalid=\"false\" value=\"\" type=\"text\" name=\"your-subject\" \/><\/span> <\/label>\n<\/p>\n<p><label> Votre message<br \/>\n<span class=\"wpcf7-form-control-wrap\" data-name=\"your-message\"><textarea cols=\"40\" rows=\"10\" maxlength=\"2000\" class=\"wpcf7-form-control wpcf7-textarea\" aria-invalid=\"false\" name=\"your-message\"><\/textarea><\/span> <\/label>\n<\/p>\n<p><span class=\"wpcf7-form-control-wrap\" data-name=\"acceptance-959\"><span class=\"wpcf7-form-control wpcf7-acceptance\"><span class=\"wpcf7-list-item\"><label><input type=\"checkbox\" name=\"acceptance-959\" value=\"1\" aria-invalid=\"false\" \/><span class=\"wpcf7-list-item-label\">J\u2019ai lu et j\u2019accepte le <a href=\"https:\/\/www.iubenda.com\/privacy-policy\/54924547\">Privacy Policy<\/a><\/span><\/label><\/span><\/span><\/span>\n<\/p>\n<p><input class=\"wpcf7-form-control wpcf7-submit has-spinner\" type=\"submit\" value=\"Invia\" \/>\n<\/p><div class=\"wpcf7-response-output\" aria-hidden=\"true\"><\/div>\n<\/form>\n<\/div>\n<\/div>\n\t\t\t\t\t\t<\/div>\n\t\t\t\t<\/div>\n\t\t\t\t\t<\/div>\n\t\t<\/div>\n\t\t\t\t\t<\/div>\n\t\t<\/section>\n\t\t\t\t\t<\/div>\n\t\t<\/div>\n\t\t\t\t\t<\/div>\n\t\t<\/section>\n\t\t\t\t<\/div>\n\t\t","protected":false},"excerpt":{"rendered":"<p>CONTACTEZ-NOUS Centre d\u2019\u00e9tudes MB2 Monte Bianco-Mario Bergamo, pour donner un toit \u00e0 Europa Onlus. Si\u00e8ge social Corso Lancieri d\u2019Aosta 15 Q 11100 Aosta &#8211; Italia Autres Si\u00e8ges Vicolo del Cinque, 31 00153 Roma Via Guido Bergamo, 4 30174 Venezia (VE) C.F. 91076310076 PEC: mb2onlus@pec.it Presidente: presidente@centrostudimb2.eu<\/p>\n","protected":false},"author":1,"featured_media":0,"parent":0,"menu_order":0,"comment_status":"closed","ping_status":"closed","template":"elementor_header_footer","meta":{"footnotes":""},"class_list":["post-1555","page","type-page","status-publish","hentry"],"yoast_head":"<!-- This site is optimized with the Yoast SEO plugin v27.4 - https:\/\/yoast.com\/product\/yoast-seo-wordpress\/ -->\n<title>Contacts - Centro studi MB2<\/title>\n<meta name=\"robots\" content=\"index, follow, max-snippet:-1, max-image-preview:large, max-video-preview:-1\" \/>\n<link rel=\"canonical\" href=\"https:\/\/www.centrostudimb2.eu\/fr\/contacts\/\" \/>\n<meta property=\"og:locale\" content=\"fr_FR\" \/>\n<meta property=\"og:type\" content=\"article\" \/>\n<meta property=\"og:title\" content=\"Contacts - Centro studi MB2\" \/>\n<meta property=\"og:description\" content=\"CONTACTEZ-NOUS Centre d\u2019\u00e9tudes MB2 Monte Bianco-Mario Bergamo, pour donner un toit \u00e0 Europa Onlus. Si\u00e8ge social Corso Lancieri d\u2019Aosta 15 Q 11100 Aosta &#8211; Italia Autres Si\u00e8ges Vicolo del Cinque, 31 00153 Roma Via Guido Bergamo, 4 30174 Venezia (VE) C.F. 91076310076 PEC: mb2onlus@pec.it Presidente: presidente@centrostudimb2.eu\" \/>\n<meta property=\"og:url\" content=\"https:\/\/www.centrostudimb2.eu\/fr\/contacts\/\" \/>\n<meta property=\"og:site_name\" content=\"Centro studi MB2\" \/>\n<meta property=\"article:modified_time\" content=\"2024-05-02T12:29:09+00:00\" \/>\n<meta name=\"twitter:card\" content=\"summary_large_image\" \/>\n<meta name=\"twitter:label1\" content=\"Dur\u00e9e de lecture estim\u00e9e\" \/>\n\t<meta name=\"twitter:data1\" content=\"1 minute\" \/>\n<script type=\"application\/ld+json\" class=\"yoast-schema-graph\">{\"@context\":\"https:\\\/\\\/schema.org\",\"@graph\":[{\"@type\":\"WebPage\",\"@id\":\"https:\\\/\\\/www.centrostudimb2.eu\\\/fr\\\/contacts\\\/\",\"url\":\"https:\\\/\\\/www.centrostudimb2.eu\\\/fr\\\/contacts\\\/\",\"name\":\"Contacts - Centro studi MB2\",\"isPartOf\":{\"@id\":\"https:\\\/\\\/www.centrostudimb2.eu\\\/#website\"},\"datePublished\":\"2022-05-02T07:02:00+00:00\",\"dateModified\":\"2024-05-02T12:29:09+00:00\",\"breadcrumb\":{\"@id\":\"https:\\\/\\\/www.centrostudimb2.eu\\\/fr\\\/contacts\\\/#breadcrumb\"},\"inLanguage\":\"fr-FR\",\"potentialAction\":[{\"@type\":\"ReadAction\",\"target\":[\"https:\\\/\\\/www.centrostudimb2.eu\\\/fr\\\/contacts\\\/\"]}]},{\"@type\":\"BreadcrumbList\",\"@id\":\"https:\\\/\\\/www.centrostudimb2.eu\\\/fr\\\/contacts\\\/#breadcrumb\",\"itemListElement\":[{\"@type\":\"ListItem\",\"position\":1,\"name\":\"Home\",\"item\":\"https:\\\/\\\/www.centrostudimb2.eu\\\/\"},{\"@type\":\"ListItem\",\"position\":2,\"name\":\"Contacts\"}]},{\"@type\":\"WebSite\",\"@id\":\"https:\\\/\\\/www.centrostudimb2.eu\\\/#website\",\"url\":\"https:\\\/\\\/www.centrostudimb2.eu\\\/\",\"name\":\"Centro studi MB2\",\"description\":\"Monte Bianco-Mario Bergamo, per dare un tetto all\u2019Europa Onlus\",\"publisher\":{\"@id\":\"https:\\\/\\\/www.centrostudimb2.eu\\\/#organization\"},\"potentialAction\":[{\"@type\":\"SearchAction\",\"target\":{\"@type\":\"EntryPoint\",\"urlTemplate\":\"https:\\\/\\\/www.centrostudimb2.eu\\\/?s={search_term_string}\"},\"query-input\":{\"@type\":\"PropertyValueSpecification\",\"valueRequired\":true,\"valueName\":\"search_term_string\"}}],\"inLanguage\":\"fr-FR\"},{\"@type\":\"Organization\",\"@id\":\"https:\\\/\\\/www.centrostudimb2.eu\\\/#organization\",\"name\":\"Centro studi MB2\",\"url\":\"https:\\\/\\\/www.centrostudimb2.eu\\\/\",\"logo\":{\"@type\":\"ImageObject\",\"inLanguage\":\"fr-FR\",\"@id\":\"https:\\\/\\\/www.centrostudimb2.eu\\\/#\\\/schema\\\/logo\\\/image\\\/\",\"url\":\"https:\\\/\\\/www.centrostudimb2.eu\\\/wp-content\\\/uploads\\\/2022\\\/04\\\/logo.jpeg\",\"contentUrl\":\"https:\\\/\\\/www.centrostudimb2.eu\\\/wp-content\\\/uploads\\\/2022\\\/04\\\/logo.jpeg\",\"width\":521,\"height\":1024,\"caption\":\"Centro studi MB2\"},\"image\":{\"@id\":\"https:\\\/\\\/www.centrostudimb2.eu\\\/#\\\/schema\\\/logo\\\/image\\\/\"}}]}<\/script>\n<!-- \/ Yoast SEO plugin. -->","yoast_head_json":{"title":"Contacts - Centro studi MB2","robots":{"index":"index","follow":"follow","max-snippet":"max-snippet:-1","max-image-preview":"max-image-preview:large","max-video-preview":"max-video-preview:-1"},"canonical":"https:\/\/www.centrostudimb2.eu\/fr\/contacts\/","og_locale":"fr_FR","og_type":"article","og_title":"Contacts - Centro studi MB2","og_description":"CONTACTEZ-NOUS Centre d\u2019\u00e9tudes MB2 Monte Bianco-Mario Bergamo, pour donner un toit \u00e0 Europa Onlus. Si\u00e8ge social Corso Lancieri d\u2019Aosta 15 Q 11100 Aosta &#8211; Italia Autres Si\u00e8ges Vicolo del Cinque, 31 00153 Roma Via Guido Bergamo, 4 30174 Venezia (VE) C.F. 91076310076 PEC: mb2onlus@pec.it Presidente: presidente@centrostudimb2.eu","og_url":"https:\/\/www.centrostudimb2.eu\/fr\/contacts\/","og_site_name":"Centro studi MB2","article_modified_time":"2024-05-02T12:29:09+00:00","twitter_card":"summary_large_image","twitter_misc":{"Dur\u00e9e de lecture estim\u00e9e":"1 minute"},"schema":{"@context":"https:\/\/schema.org","@graph":[{"@type":"WebPage","@id":"https:\/\/www.centrostudimb2.eu\/fr\/contacts\/","url":"https:\/\/www.centrostudimb2.eu\/fr\/contacts\/","name":"Contacts - Centro studi MB2","isPartOf":{"@id":"https:\/\/www.centrostudimb2.eu\/#website"},"datePublished":"2022-05-02T07:02:00+00:00","dateModified":"2024-05-02T12:29:09+00:00","breadcrumb":{"@id":"https:\/\/www.centrostudimb2.eu\/fr\/contacts\/#breadcrumb"},"inLanguage":"fr-FR","potentialAction":[{"@type":"ReadAction","target":["https:\/\/www.centrostudimb2.eu\/fr\/contacts\/"]}]},{"@type":"BreadcrumbList","@id":"https:\/\/www.centrostudimb2.eu\/fr\/contacts\/#breadcrumb","itemListElement":[{"@type":"ListItem","position":1,"name":"Home","item":"https:\/\/www.centrostudimb2.eu\/"},{"@type":"ListItem","position":2,"name":"Contacts"}]},{"@type":"WebSite","@id":"https:\/\/www.centrostudimb2.eu\/#website","url":"https:\/\/www.centrostudimb2.eu\/","name":"Centro studi MB2","description":"Monte Bianco-Mario Bergamo, per dare un tetto all\u2019Europa Onlus","publisher":{"@id":"https:\/\/www.centrostudimb2.eu\/#organization"},"potentialAction":[{"@type":"SearchAction","target":{"@type":"EntryPoint","urlTemplate":"https:\/\/www.centrostudimb2.eu\/?s={search_term_string}"},"query-input":{"@type":"PropertyValueSpecification","valueRequired":true,"valueName":"search_term_string"}}],"inLanguage":"fr-FR"},{"@type":"Organization","@id":"https:\/\/www.centrostudimb2.eu\/#organization","name":"Centro studi MB2","url":"https:\/\/www.centrostudimb2.eu\/","logo":{"@type":"ImageObject","inLanguage":"fr-FR","@id":"https:\/\/www.centrostudimb2.eu\/#\/schema\/logo\/image\/","url":"https:\/\/www.centrostudimb2.eu\/wp-content\/uploads\/2022\/04\/logo.jpeg","contentUrl":"https:\/\/www.centrostudimb2.eu\/wp-content\/uploads\/2022\/04\/logo.jpeg","width":521,"height":1024,"caption":"Centro studi MB2"},"image":{"@id":"https:\/\/www.centrostudimb2.eu\/#\/schema\/logo\/image\/"}}]}},"_links":{"self":[{"href":"https:\/\/www.centrostudimb2.eu\/fr\/wp-json\/wp\/v2\/pages\/1555","targetHints":{"allow":["GET"]}}],"collection":[{"href":"https:\/\/www.centrostudimb2.eu\/fr\/wp-json\/wp\/v2\/pages"}],"about":[{"href":"https:\/\/www.centrostudimb2.eu\/fr\/wp-json\/wp\/v2\/types\/page"}],"author":[{"embeddable":true,"href":"https:\/\/www.centrostudimb2.eu\/fr\/wp-json\/wp\/v2\/users\/1"}],"replies":[{"embeddable":true,"href":"https:\/\/www.centrostudimb2.eu\/fr\/wp-json\/wp\/v2\/comments?post=1555"}],"version-history":[{"count":5,"href":"https:\/\/www.centrostudimb2.eu\/fr\/wp-json\/wp\/v2\/pages\/1555\/revisions"}],"predecessor-version":[{"id":1566,"href":"https:\/\/www.centrostudimb2.eu\/fr\/wp-json\/wp\/v2\/pages\/1555\/revisions\/1566"}],"wp:attachment":[{"href":"https:\/\/www.centrostudimb2.eu\/fr\/wp-json\/wp\/v2\/media?parent=1555"}],"curies":[{"name":"wp","href":"https:\/\/api.w.org\/{rel}","templated":true}]}}