{"id":3840,"date":"2025-11-11T12:00:23","date_gmt":"2025-11-11T10:00:23","guid":{"rendered":"https:\/\/www.centrostudimb2.eu\/?page_id=3840"},"modified":"2025-11-11T12:00:23","modified_gmt":"2025-11-11T10:00:23","slug":"a-propos-de-nous-3","status":"publish","type":"page","link":"https:\/\/www.centrostudimb2.eu\/fr\/a-propos-de-nous-3\/","title":{"rendered":"\u00c0 PROPOS DE NOUS"},"content":{"rendered":"\t\t<div data-elementor-type=\"wp-page\" data-elementor-id=\"3840\" class=\"elementor elementor-3840 elementor-3839\" data-elementor-post-type=\"page\">\n\t\t\t\t\t\t<section class=\"elementor-section elementor-top-section elementor-element elementor-element-6e20267 elementor-section-height-min-height elementor-section-boxed elementor-section-height-default elementor-section-items-middle\" data-id=\"6e20267\" data-element_type=\"section\" data-e-type=\"section\" data-settings=\"{&quot;background_background&quot;:&quot;classic&quot;}\">\n\t\t\t\t\t\t<div class=\"elementor-container elementor-column-gap-default\">\n\t\t\t\t\t<div class=\"elementor-column elementor-col-100 elementor-top-column elementor-element elementor-element-4d53f07\" data-id=\"4d53f07\" data-element_type=\"column\" data-e-type=\"column\">\n\t\t\t<div class=\"elementor-widget-wrap elementor-element-populated\">\n\t\t\t\t\t\t<section class=\"elementor-section elementor-inner-section elementor-element elementor-element-e640218 elementor-section-boxed elementor-section-height-default elementor-section-height-default\" data-id=\"e640218\" data-element_type=\"section\" data-e-type=\"section\">\n\t\t\t\t\t\t<div class=\"elementor-container elementor-column-gap-default\">\n\t\t\t\t\t<div class=\"elementor-column elementor-col-50 elementor-inner-column elementor-element elementor-element-7e23ffa\" data-id=\"7e23ffa\" data-element_type=\"column\" data-e-type=\"column\">\n\t\t\t<div class=\"elementor-widget-wrap\">\n\t\t\t\t\t\t\t<\/div>\n\t\t<\/div>\n\t\t\t\t<div class=\"elementor-column elementor-col-50 elementor-inner-column elementor-element elementor-element-4c15f3a\" data-id=\"4c15f3a\" data-element_type=\"column\" data-e-type=\"column\">\n\t\t\t<div class=\"elementor-widget-wrap\">\n\t\t\t\t\t\t\t<\/div>\n\t\t<\/div>\n\t\t\t\t\t<\/div>\n\t\t<\/section>\n\t\t\t\t\t<\/div>\n\t\t<\/div>\n\t\t\t\t\t<\/div>\n\t\t<\/section>\n\t\t\t\t<section class=\"elementor-section elementor-top-section elementor-element elementor-element-6de177d5 elementor-section-boxed elementor-section-height-default elementor-section-height-default\" data-id=\"6de177d5\" data-element_type=\"section\" data-e-type=\"section\">\n\t\t\t\t\t\t<div class=\"elementor-container elementor-column-gap-default\">\n\t\t\t\t\t<div class=\"elementor-column elementor-col-100 elementor-top-column elementor-element elementor-element-4508e10\" data-id=\"4508e10\" data-element_type=\"column\" data-e-type=\"column\">\n\t\t\t<div class=\"elementor-widget-wrap elementor-element-populated\">\n\t\t\t\t\t\t<section class=\"elementor-section elementor-inner-section elementor-element elementor-element-485551c elementor-section-boxed elementor-section-height-default elementor-section-height-default\" data-id=\"485551c\" data-element_type=\"section\" data-e-type=\"section\">\n\t\t\t\t\t\t<div class=\"elementor-container elementor-column-gap-default\">\n\t\t\t\t\t<div class=\"elementor-column elementor-col-100 elementor-inner-column elementor-element elementor-element-d053f04\" data-id=\"d053f04\" data-element_type=\"column\" data-e-type=\"column\">\n\t\t\t<div class=\"elementor-widget-wrap elementor-element-populated\">\n\t\t\t\t\t\t<div class=\"elementor-element elementor-element-5696ffc elementor-widget elementor-widget-heading\" data-id=\"5696ffc\" data-element_type=\"widget\" data-e-type=\"widget\" data-widget_type=\"heading.default\">\n\t\t\t\t<div class=\"elementor-widget-container\">\n\t\t\t\t\t<h2 class=\"elementor-heading-title elementor-size-default\">\u00c0 PROPOS DE NOUS<\/h2>\t\t\t\t<\/div>\n\t\t\t\t<\/div>\n\t\t\t\t\t<\/div>\n\t\t<\/div>\n\t\t\t\t\t<\/div>\n\t\t<\/section>\n\t\t\t\t<section class=\"elementor-section elementor-inner-section elementor-element elementor-element-7e98aec elementor-section-boxed elementor-section-height-default elementor-section-height-default\" data-id=\"7e98aec\" data-element_type=\"section\" data-e-type=\"section\">\n\t\t\t\t\t\t<div class=\"elementor-container elementor-column-gap-default\">\n\t\t\t\t\t<div class=\"elementor-column elementor-col-100 elementor-inner-column elementor-element elementor-element-27ea830\" data-id=\"27ea830\" data-element_type=\"column\" data-e-type=\"column\">\n\t\t\t<div class=\"elementor-widget-wrap elementor-element-populated\">\n\t\t\t\t\t\t<div class=\"elementor-element elementor-element-6bc1213 elementor-widget elementor-widget-text-editor\" data-id=\"6bc1213\" data-element_type=\"widget\" data-e-type=\"widget\" data-widget_type=\"text-editor.default\">\n\t\t\t\t<div class=\"elementor-widget-container\">\n\t\t\t\t\t\t\t\t\t<h4><span style=\"color: inherit; font-family: inherit; font-size: 1.5rem;\">Postes corporatifs (organigramme)<\/span><\/h4>\n<div>\n<ul style=\"outline-style: none; outline-width: initial; margin-right: 0px; margin-bottom: 20px; margin-left: 0px; padding: 0px 0px 0px 36px; list-style: none; caret-color: #313131; color: #313131; font-size: 14px; text-size-adjust: auto;\">\n<li style=\"outline-style: none; outline-width: initial; margin-right: 0px; margin-bottom: 6px; margin-left: 0px; padding: 0px; list-style: square; position: relative; line-height: 1.7;\">Pr\u00e9sident d&rsquo;honneur : <b>Edoardo Vittorio Guillion Mangilli<\/b><\/li>\n<li style=\"outline-style: none; outline-width: initial; margin-right: 0px; margin-bottom: 6px; margin-left: 0px; padding: 0px; list-style: square; position: relative; line-height: 1.7;\">Pr\u00e9sidente : <strong style=\"outline: none; margin: 0px; padding: 0px; font-weight: bold;\">Paola Tiziana Francesca Bergamo<\/strong><\/li>\n<li style=\"outline-style: none; outline-width: initial; margin-right: 0px; margin-bottom: 6px; margin-left: 0px; padding: 0px; list-style: square; position: relative; line-height: 1.7;\">Actuaire : <strong style=\"outline: none; margin: 0px; padding: 0px; font-weight: bold;\">Alberto Gaffi<\/strong><\/li>\n<li style=\"outline-style: none; outline-width: initial; margin-right: 0px; margin-bottom: 6px; margin-left: 0px; padding: 0px; list-style: square; position: relative; line-height: 1.7;\">Tr\u00e9sorier : <b>Alberto Gaffi<\/b><\/li>\n<li style=\"outline-style: none; outline-width: initial; margin-right: 0px; margin-bottom: 6px; margin-left: 0px; padding: 0px; list-style: square; position: relative; line-height: 1.7;\">Membres fondateurs : <span style=\"font-weight: bold; background-image: initial; background-position: initial; background-size: initial; background-repeat: initial; background-attachment: initial; background-origin: initial; background-clip: initial;\">Bergamo Paola Tiziana Francesca, Tobia Rav\u00e0, Vittorio Edoardo Guillon Mangilli, Alberto Gaffi, Luigi Monteleone, Piero Rossi.<\/span><\/li>\n<\/ul>\n<\/div>\n\t\t\t\t\t\t\t\t<\/div>\n\t\t\t\t<\/div>\n\t\t\t\t<div class=\"elementor-element elementor-element-4a4b903 elementor-align-center elementor-button-warning elementor-widget elementor-widget-button\" data-id=\"4a4b903\" data-element_type=\"widget\" data-e-type=\"widget\" data-widget_type=\"button.default\">\n\t\t\t\t<div class=\"elementor-widget-container\">\n\t\t\t\t\t\t\t\t\t<div class=\"elementor-button-wrapper\">\n\t\t\t\t\t<a class=\"elementor-button elementor-button-link elementor-size-sm\" href=\"\/wp-content\/uploads\/2023\/11\/STATUTO-MB2-per-ETS.pdf\">\n\t\t\t\t\t\t<span class=\"elementor-button-content-wrapper\">\n\t\t\t\t\t\t<span class=\"elementor-button-icon\">\n\t\t\t\t<i aria-hidden=\"true\" class=\"fas fa-angle-down\"><\/i>\t\t\t<\/span>\n\t\t\t\t\t\t\t\t\t<span class=\"elementor-button-text\">T\u00c9L\u00c9CHARGER LE STATUT<\/span>\n\t\t\t\t\t<\/span>\n\t\t\t\t\t<\/a>\n\t\t\t\t<\/div>\n\t\t\t\t\t\t\t\t<\/div>\n\t\t\t\t<\/div>\n\t\t\t\t\t<\/div>\n\t\t<\/div>\n\t\t\t\t\t<\/div>\n\t\t<\/section>\n\t\t\t\t\t<\/div>\n\t\t<\/div>\n\t\t\t\t\t<\/div>\n\t\t<\/section>\n\t\t\t\t<\/div>\n\t\t","protected":false},"excerpt":{"rendered":"<p>\u00c0 PROPOS DE NOUS Postes corporatifs (organigramme) Pr\u00e9sident d&rsquo;honneur : Edoardo Vittorio Guillion Mangilli Pr\u00e9sidente : Paola Tiziana Francesca Bergamo Actuaire : Alberto Gaffi Tr\u00e9sorier : Alberto Gaffi Membres fondateurs : Bergamo Paola Tiziana Francesca, Tobia Rav\u00e0, Vittorio Edoardo Guillon Mangilli, Alberto Gaffi, Luigi Monteleone, Piero Rossi. T\u00c9L\u00c9CHARGER LE STATUT<\/p>\n","protected":false},"author":1,"featured_media":0,"parent":0,"menu_order":0,"comment_status":"closed","ping_status":"closed","template":"elementor_header_footer","meta":{"footnotes":""},"class_list":["post-3840","page","type-page","status-publish","hentry"],"yoast_head":"<!-- This site is optimized with the Yoast SEO plugin v27.4 - https:\/\/yoast.com\/product\/yoast-seo-wordpress\/ -->\n<title>\u00c0 PROPOS DE NOUS - Centro studi MB2<\/title>\n<meta name=\"robots\" content=\"index, follow, max-snippet:-1, max-image-preview:large, max-video-preview:-1\" \/>\n<link rel=\"canonical\" href=\"https:\/\/www.centrostudimb2.eu\/fr\/a-propos-de-nous-3\/\" \/>\n<meta property=\"og:locale\" content=\"fr_FR\" \/>\n<meta property=\"og:type\" content=\"article\" \/>\n<meta property=\"og:title\" content=\"\u00c0 PROPOS DE NOUS - Centro studi MB2\" \/>\n<meta property=\"og:description\" content=\"\u00c0 PROPOS DE NOUS Postes corporatifs (organigramme) Pr\u00e9sident d&rsquo;honneur : Edoardo Vittorio Guillion Mangilli Pr\u00e9sidente : Paola Tiziana Francesca Bergamo Actuaire : Alberto Gaffi Tr\u00e9sorier : Alberto Gaffi Membres fondateurs : Bergamo Paola Tiziana Francesca, Tobia Rav\u00e0, Vittorio Edoardo Guillon Mangilli, Alberto Gaffi, Luigi Monteleone, Piero Rossi. T\u00c9L\u00c9CHARGER LE STATUT\" \/>\n<meta property=\"og:url\" content=\"https:\/\/www.centrostudimb2.eu\/fr\/a-propos-de-nous-3\/\" \/>\n<meta property=\"og:site_name\" content=\"Centro studi MB2\" \/>\n<meta name=\"twitter:card\" content=\"summary_large_image\" \/>\n<meta name=\"twitter:label1\" content=\"Dur\u00e9e de lecture estim\u00e9e\" \/>\n\t<meta name=\"twitter:data1\" content=\"1 minute\" \/>\n<script type=\"application\/ld+json\" class=\"yoast-schema-graph\">{\"@context\":\"https:\\\/\\\/schema.org\",\"@graph\":[{\"@type\":\"WebPage\",\"@id\":\"https:\\\/\\\/www.centrostudimb2.eu\\\/fr\\\/a-propos-de-nous-3\\\/\",\"url\":\"https:\\\/\\\/www.centrostudimb2.eu\\\/fr\\\/a-propos-de-nous-3\\\/\",\"name\":\"\u00c0 PROPOS DE NOUS - Centro studi MB2\",\"isPartOf\":{\"@id\":\"https:\\\/\\\/www.centrostudimb2.eu\\\/#website\"},\"datePublished\":\"2025-11-11T10:00:23+00:00\",\"breadcrumb\":{\"@id\":\"https:\\\/\\\/www.centrostudimb2.eu\\\/fr\\\/a-propos-de-nous-3\\\/#breadcrumb\"},\"inLanguage\":\"fr-FR\",\"potentialAction\":[{\"@type\":\"ReadAction\",\"target\":[\"https:\\\/\\\/www.centrostudimb2.eu\\\/fr\\\/a-propos-de-nous-3\\\/\"]}]},{\"@type\":\"BreadcrumbList\",\"@id\":\"https:\\\/\\\/www.centrostudimb2.eu\\\/fr\\\/a-propos-de-nous-3\\\/#breadcrumb\",\"itemListElement\":[{\"@type\":\"ListItem\",\"position\":1,\"name\":\"Home\",\"item\":\"https:\\\/\\\/www.centrostudimb2.eu\\\/\"},{\"@type\":\"ListItem\",\"position\":2,\"name\":\"\u00c0 PROPOS DE NOUS\"}]},{\"@type\":\"WebSite\",\"@id\":\"https:\\\/\\\/www.centrostudimb2.eu\\\/#website\",\"url\":\"https:\\\/\\\/www.centrostudimb2.eu\\\/\",\"name\":\"Centro studi MB2\",\"description\":\"Monte Bianco-Mario Bergamo, per dare un tetto all\u2019Europa Onlus\",\"publisher\":{\"@id\":\"https:\\\/\\\/www.centrostudimb2.eu\\\/#organization\"},\"potentialAction\":[{\"@type\":\"SearchAction\",\"target\":{\"@type\":\"EntryPoint\",\"urlTemplate\":\"https:\\\/\\\/www.centrostudimb2.eu\\\/?s={search_term_string}\"},\"query-input\":{\"@type\":\"PropertyValueSpecification\",\"valueRequired\":true,\"valueName\":\"search_term_string\"}}],\"inLanguage\":\"fr-FR\"},{\"@type\":\"Organization\",\"@id\":\"https:\\\/\\\/www.centrostudimb2.eu\\\/#organization\",\"name\":\"Centro studi MB2\",\"url\":\"https:\\\/\\\/www.centrostudimb2.eu\\\/\",\"logo\":{\"@type\":\"ImageObject\",\"inLanguage\":\"fr-FR\",\"@id\":\"https:\\\/\\\/www.centrostudimb2.eu\\\/#\\\/schema\\\/logo\\\/image\\\/\",\"url\":\"https:\\\/\\\/www.centrostudimb2.eu\\\/wp-content\\\/uploads\\\/2022\\\/04\\\/logo.jpeg\",\"contentUrl\":\"https:\\\/\\\/www.centrostudimb2.eu\\\/wp-content\\\/uploads\\\/2022\\\/04\\\/logo.jpeg\",\"width\":521,\"height\":1024,\"caption\":\"Centro studi MB2\"},\"image\":{\"@id\":\"https:\\\/\\\/www.centrostudimb2.eu\\\/#\\\/schema\\\/logo\\\/image\\\/\"}}]}<\/script>\n<!-- \/ Yoast SEO plugin. -->","yoast_head_json":{"title":"\u00c0 PROPOS DE NOUS - Centro studi MB2","robots":{"index":"index","follow":"follow","max-snippet":"max-snippet:-1","max-image-preview":"max-image-preview:large","max-video-preview":"max-video-preview:-1"},"canonical":"https:\/\/www.centrostudimb2.eu\/fr\/a-propos-de-nous-3\/","og_locale":"fr_FR","og_type":"article","og_title":"\u00c0 PROPOS DE NOUS - Centro studi MB2","og_description":"\u00c0 PROPOS DE NOUS Postes corporatifs (organigramme) Pr\u00e9sident d&rsquo;honneur : Edoardo Vittorio Guillion Mangilli Pr\u00e9sidente : Paola Tiziana Francesca Bergamo Actuaire : Alberto Gaffi Tr\u00e9sorier : Alberto Gaffi Membres fondateurs : Bergamo Paola Tiziana Francesca, Tobia Rav\u00e0, Vittorio Edoardo Guillon Mangilli, Alberto Gaffi, Luigi Monteleone, Piero Rossi. T\u00c9L\u00c9CHARGER LE STATUT","og_url":"https:\/\/www.centrostudimb2.eu\/fr\/a-propos-de-nous-3\/","og_site_name":"Centro studi MB2","twitter_card":"summary_large_image","twitter_misc":{"Dur\u00e9e de lecture estim\u00e9e":"1 minute"},"schema":{"@context":"https:\/\/schema.org","@graph":[{"@type":"WebPage","@id":"https:\/\/www.centrostudimb2.eu\/fr\/a-propos-de-nous-3\/","url":"https:\/\/www.centrostudimb2.eu\/fr\/a-propos-de-nous-3\/","name":"\u00c0 PROPOS DE NOUS - Centro studi MB2","isPartOf":{"@id":"https:\/\/www.centrostudimb2.eu\/#website"},"datePublished":"2025-11-11T10:00:23+00:00","breadcrumb":{"@id":"https:\/\/www.centrostudimb2.eu\/fr\/a-propos-de-nous-3\/#breadcrumb"},"inLanguage":"fr-FR","potentialAction":[{"@type":"ReadAction","target":["https:\/\/www.centrostudimb2.eu\/fr\/a-propos-de-nous-3\/"]}]},{"@type":"BreadcrumbList","@id":"https:\/\/www.centrostudimb2.eu\/fr\/a-propos-de-nous-3\/#breadcrumb","itemListElement":[{"@type":"ListItem","position":1,"name":"Home","item":"https:\/\/www.centrostudimb2.eu\/"},{"@type":"ListItem","position":2,"name":"\u00c0 PROPOS DE NOUS"}]},{"@type":"WebSite","@id":"https:\/\/www.centrostudimb2.eu\/#website","url":"https:\/\/www.centrostudimb2.eu\/","name":"Centro studi MB2","description":"Monte Bianco-Mario Bergamo, per dare un tetto all\u2019Europa Onlus","publisher":{"@id":"https:\/\/www.centrostudimb2.eu\/#organization"},"potentialAction":[{"@type":"SearchAction","target":{"@type":"EntryPoint","urlTemplate":"https:\/\/www.centrostudimb2.eu\/?s={search_term_string}"},"query-input":{"@type":"PropertyValueSpecification","valueRequired":true,"valueName":"search_term_string"}}],"inLanguage":"fr-FR"},{"@type":"Organization","@id":"https:\/\/www.centrostudimb2.eu\/#organization","name":"Centro studi MB2","url":"https:\/\/www.centrostudimb2.eu\/","logo":{"@type":"ImageObject","inLanguage":"fr-FR","@id":"https:\/\/www.centrostudimb2.eu\/#\/schema\/logo\/image\/","url":"https:\/\/www.centrostudimb2.eu\/wp-content\/uploads\/2022\/04\/logo.jpeg","contentUrl":"https:\/\/www.centrostudimb2.eu\/wp-content\/uploads\/2022\/04\/logo.jpeg","width":521,"height":1024,"caption":"Centro studi MB2"},"image":{"@id":"https:\/\/www.centrostudimb2.eu\/#\/schema\/logo\/image\/"}}]}},"_links":{"self":[{"href":"https:\/\/www.centrostudimb2.eu\/fr\/wp-json\/wp\/v2\/pages\/3840","targetHints":{"allow":["GET"]}}],"collection":[{"href":"https:\/\/www.centrostudimb2.eu\/fr\/wp-json\/wp\/v2\/pages"}],"about":[{"href":"https:\/\/www.centrostudimb2.eu\/fr\/wp-json\/wp\/v2\/types\/page"}],"author":[{"embeddable":true,"href":"https:\/\/www.centrostudimb2.eu\/fr\/wp-json\/wp\/v2\/users\/1"}],"replies":[{"embeddable":true,"href":"https:\/\/www.centrostudimb2.eu\/fr\/wp-json\/wp\/v2\/comments?post=3840"}],"version-history":[{"count":1,"href":"https:\/\/www.centrostudimb2.eu\/fr\/wp-json\/wp\/v2\/pages\/3840\/revisions"}],"predecessor-version":[{"id":3841,"href":"https:\/\/www.centrostudimb2.eu\/fr\/wp-json\/wp\/v2\/pages\/3840\/revisions\/3841"}],"wp:attachment":[{"href":"https:\/\/www.centrostudimb2.eu\/fr\/wp-json\/wp\/v2\/media?parent=3840"}],"curies":[{"name":"wp","href":"https:\/\/api.w.org\/{rel}","templated":true}]}}